{"id":183,"date":"2020-07-10T09:06:49","date_gmt":"2020-07-10T12:06:49","guid":{"rendered":"https:\/\/wordpressriverthemes.com\/anada\/?page_id=183"},"modified":"2023-02-09T12:55:24","modified_gmt":"2023-02-09T15:55:24","slug":"kron-in-the-media","status":"publish","type":"page","link":"https:\/\/www.kron.digital\/en\/kron-in-the-media\/","title":{"rendered":"Kron in the media"},"content":{"rendered":"<p>[vc_row][vc_column]    <!-- Star Projects\r\n    ============================================= -->\r\n    <div class=\"projects-area overflow-hidden default-padding\">\r\n        <!-- Fixed BG -->\r\n        <div class=\"fixed-bg\" style=\"background-image: url(https:\/\/www.kron.digital\/en\/wp-content\/uploads\/2020\/07\/2.png);\"><\/div>\r\n        <!-- Fixed BG -->\r\n        <div class=\"container\">\r\n            <div class=\"project-items-area\">\r\n                <div class=\"row\">\r\n                    <div class=\"col-lg-12\">\r\n                        <div class=\"gallery-content\">\r\n                            <div class=\"mix-item-menu text-center\">\r\n                            <button class=\"active\" data-filter=\"*\">All<\/button><button data-filter=\".development\">Kron in the media<\/button><\/div>\r\n                            <!-- End Mixitup Nav-->\r\n\r\n                            <div class=\"magnific-mix-gallery masonary\">\r\n                                <div id=\"portfolio-grid\" class=\"gallery-items projects-items colums-2\"><!-- Single Item -->\n<div class=\"pf-item development capital\">\n    <div class=\"single-item\">\n        <div class=\"thumb item-effect\">\n            <img decoding=\"async\" src=\"https:\/\/www.kron.digital\/en\/wp-content\/uploads\/2020\/07\/1-2.jpg\" alt=\"Thumb\">\n            <div class=\"effect-info\">\n                <a href=\"https:\/\/tiinside.com.br\/02\/08\/2022\/o-potencial-do-software-delivery-center-para-a-transicao-a-era-digital\/\" class=\"\">\n                    <i class=\"fas fa-globe\"><\/i>\n                <\/a>\n            <\/div>\n        <\/div>\n        <div class=\"info\">\n            <h5>\n                <a href=\"https:\/\/tiinside.com.br\/02\/08\/2022\/o-potencial-do-software-delivery-center-para-a-transicao-a-era-digital\/\">O potencial do Software Delivery Center para a transi\u00e7\u00e3o \u00e0 era digital<\/a>\n            <\/h5><p><\/p>\n<ul>\n<li>TI Inside<\/li>\n<\/ul>\n<p><\/p><\/div>\n    <\/div>\n<\/div>\n<!-- End Single Item --><!-- Single Item -->\n<div class=\"pf-item development capital\">\n    <div class=\"single-item\">\n        <div class=\"thumb item-effect\">\n            <img decoding=\"async\" src=\"https:\/\/www.kron.digital\/en\/wp-content\/uploads\/2020\/07\/2-1.jpg\" alt=\"Thumb\">\n            <div class=\"effect-info\">\n                <a href=\"http:\/\/meta.verso.the.br\/meta\/o-potencial-do-software-delivery-center-para-a-transicao-a-era-digital-ti-inside\" class=\"\">\n                    <i class=\"fas fa-globe\"><\/i>\n                <\/a>\n            <\/div>\n        <\/div>\n        <div class=\"info\">\n            <h5>\n                <a href=\"http:\/\/meta.verso.the.br\/meta\/o-potencial-do-software-delivery-center-para-a-transicao-a-era-digital-ti-inside\">O potencial do Software Delivery Center para a transi\u00e7\u00e3o \u00e0 era digital<\/a>\n            <\/h5><p><\/p>\n<ul>\n<li>The Meta Verso BR<\/li>\n<\/ul>\n<p><\/p><\/div>\n    <\/div>\n<\/div>\n<!-- End Single Item --><!-- Single Item -->\n<div class=\"pf-item development capital\">\n    <div class=\"single-item\">\n        <div class=\"thumb item-effect\">\n            <img decoding=\"async\" src=\"https:\/\/www.kron.digital\/en\/wp-content\/uploads\/2020\/07\/4-1.jpg\" alt=\"Thumb\">\n            <div class=\"effect-info\">\n                <a href=\"https:\/\/www.channel360.com.br\/software-delivery-center-transicao-a-era-digital\/\" class=\"\">\n                    <i class=\"fas fa-globe\"><\/i>\n                <\/a>\n            <\/div>\n        <\/div>\n        <div class=\"info\">\n            <h5>\n                <a href=\"https:\/\/www.channel360.com.br\/software-delivery-center-transicao-a-era-digital\/\">O potencial do Software Delivery Center para a transi\u00e7\u00e3o \u00e0 era digital<\/a>\n            <\/h5><p><\/p>\n<ul>\n<li>Channel 360<\/li>\n<\/ul>\n<p><\/p><\/div>\n    <\/div>\n<\/div>\n<!-- End Single Item --><!-- Single Item -->\n<div class=\"pf-item development capital\">\n    <div class=\"single-item\">\n        <div class=\"thumb item-effect\">\n            <img decoding=\"async\" src=\"https:\/\/www.kron.digital\/en\/wp-content\/uploads\/2020\/07\/4-1.jpg\" alt=\"Thumb\">\n            <div class=\"effect-info\">\n                <a href=\"https:\/\/www.channel360.com.br\/software-delivery-center-transicao-a-era-digital\/\" class=\"\">\n                    <i class=\"fas fa-globe\"><\/i>\n                <\/a>\n            <\/div>\n        <\/div>\n        <div class=\"info\">\n            <h5>\n                <a href=\"https:\/\/www.channel360.com.br\/software-delivery-center-transicao-a-era-digital\/\">O potencial do Software Delivery Center para a transi\u00e7\u00e3o \u00e0 era digital<\/a>\n            <\/h5><p><\/p>\n<ul>\n<li>Channel 360<\/li>\n<\/ul>\n<p><\/p><\/div>\n    <\/div>\n<\/div>\n<!-- End Single Item --><\/div>\r\n                            <\/div>\r\n                        <\/div>\r\n                    <\/div>\r\n                <\/div>\r\n            <\/div>\r\n        <\/div>\r\n    <\/div>\r\n    <!-- End Projects -->[\/vc_column][\/vc_row]<\/p>\n","protected":false},"excerpt":{"rendered":"<p>[vc_row][vc_column][\/vc_column][\/vc_row]<\/p>\n","protected":false},"author":1,"featured_media":0,"parent":0,"menu_order":0,"comment_status":"closed","ping_status":"closed","template":"page-templates\/pages.php","meta":{"footnotes":""},"class_list":["post-183","page","type-page","status-publish","hentry"],"_links":{"self":[{"href":"https:\/\/www.kron.digital\/en\/wp-json\/wp\/v2\/pages\/183","targetHints":{"allow":["GET"]}}],"collection":[{"href":"https:\/\/www.kron.digital\/en\/wp-json\/wp\/v2\/pages"}],"about":[{"href":"https:\/\/www.kron.digital\/en\/wp-json\/wp\/v2\/types\/page"}],"author":[{"embeddable":true,"href":"https:\/\/www.kron.digital\/en\/wp-json\/wp\/v2\/users\/1"}],"replies":[{"embeddable":true,"href":"https:\/\/www.kron.digital\/en\/wp-json\/wp\/v2\/comments?post=183"}],"version-history":[{"count":15,"href":"https:\/\/www.kron.digital\/en\/wp-json\/wp\/v2\/pages\/183\/revisions"}],"predecessor-version":[{"id":2221,"href":"https:\/\/www.kron.digital\/en\/wp-json\/wp\/v2\/pages\/183\/revisions\/2221"}],"wp:attachment":[{"href":"https:\/\/www.kron.digital\/en\/wp-json\/wp\/v2\/media?parent=183"}],"curies":[{"name":"wp","href":"https:\/\/api.w.org\/{rel}","templated":true}]}}